{"id":914,"date":"2024-05-01T16:46:53","date_gmt":"2024-05-01T16:46:53","guid":{"rendered":"https:\/\/juarezmedtravel.org\/?page_id=914"},"modified":"2024-05-01T16:48:53","modified_gmt":"2024-05-01T16:48:53","slug":"dr-fernando-rodriguez","status":"publish","type":"page","link":"https:\/\/juarezmedtravel.org\/en\/directorio-salud-turismo-medico-ciudad-juarez\/medicina\/oftalmologia\/dr-fernando-rodriguez","title":{"rendered":"Dr. Fernando Rodriguez"},"content":{"rendered":"<div class=\"fusion-fullwidth fullwidth-box fusion-builder-row-1 fusion-flex-container has-pattern-background has-mask-background nonhundred-percent-fullwidth non-hundred-percent-height-scrolling\" style=\"--awb-border-radius-top-left:0px;--awb-border-radius-top-right:0px;--awb-border-radius-bottom-right:0px;--awb-border-radius-bottom-left:0px;--awb-margin-top:-3%;--awb-flex-wrap:wrap;\" ><div class=\"fusion-builder-row fusion-row fusion-flex-align-items-center fusion-flex-justify-content-center fusion-flex-content-wrap\" style=\"max-width:1248px;margin-left: calc(-4% \/ 2 );margin-right: calc(-4% \/ 2 );\"><div class=\"fusion-layout-column fusion_builder_column fusion-builder-column-0 fusion_builder_column_3_4 3_4 fusion-flex-column\" style=\"--awb-padding-top:3%;--awb-padding-bottom:3%;--awb-bg-color:var(--awb-color7);--awb-bg-color-hover:var(--awb-color7);--awb-bg-size:cover;--awb-width-large:75%;--awb-margin-top-large:0px;--awb-spacing-right-large:2.56%;--awb-margin-bottom-large:20px;--awb-spacing-left-large:2.56%;--awb-width-medium:75%;--awb-order-medium:0;--awb-spacing-right-medium:2.56%;--awb-spacing-left-medium:2.56%;--awb-width-small:100%;--awb-order-small:0;--awb-spacing-right-small:1.92%;--awb-spacing-left-small:1.92%;\"><div class=\"fusion-column-wrapper fusion-column-has-shadow fusion-flex-justify-content-flex-start fusion-content-layout-column\"><nav class=\"fusion-breadcrumbs fusion-breadcrumbs-1\" style=\"--awb-alignment:center;--awb-text-color:var(--awb-color2);--awb-breadcrumb-sep:&#039;\/&#039;;text-align:center;\" aria-label=\"Breadcrumb\"><ol class=\"awb-breadcrumb-list\"><\/ol><\/nav><\/div><\/div><div class=\"fusion-layout-column fusion_builder_column fusion-builder-column-1 fusion_builder_column_1_3 1_3 fusion-flex-column\" style=\"--awb-bg-size:cover;--awb-width-large:33.333333333333%;--awb-margin-top-large:0px;--awb-spacing-right-large:5.76%;--awb-margin-bottom-large:20px;--awb-spacing-left-large:5.76%;--awb-width-medium:33.333333333333%;--awb-order-medium:0;--awb-spacing-right-medium:5.76%;--awb-spacing-left-medium:5.76%;--awb-width-small:100%;--awb-order-small:0;--awb-spacing-right-small:1.92%;--awb-spacing-left-small:1.92%;\"><div class=\"fusion-column-wrapper fusion-column-has-shadow fusion-flex-justify-content-flex-start fusion-content-layout-column\"><div class=\"fusion-image-element\" style=\"text-align:center;--awb-aspect-ratio:1 \/ 1;--awb-object-position:48% 47%;--awb-max-width:300px;--awb-caption-title-font-family:var(--h2_typography-font-family);--awb-caption-title-font-weight:var(--h2_typography-font-weight);--awb-caption-title-font-style:var(--h2_typography-font-style);--awb-caption-title-size:var(--h2_typography-font-size);--awb-caption-title-transform:var(--h2_typography-text-transform);--awb-caption-title-line-height:var(--h2_typography-line-height);--awb-caption-title-letter-spacing:var(--h2_typography-letter-spacing);\"><div style=\"display:inline-block;width:300px;\"><span class=\"fusion-imageframe imageframe-none imageframe-1 hover-type-none has-aspect-ratio\"><img decoding=\"async\" width=\"600\" height=\"600\" title=\"Oftalmologia 1\" src=\"https:\/\/juarezmedtravel.org\/wp-content\/uploads\/2024\/04\/Oftalmologia-1.jpg\" class=\"img-responsive wp-image-779 img-with-aspect-ratio\" data-parent-fit=\"cover\" data-parent-container=\".fusion-image-element\" alt srcset=\"https:\/\/juarezmedtravel.org\/wp-content\/uploads\/2024\/04\/Oftalmologia-1-200x200.jpg 200w, https:\/\/juarezmedtravel.org\/wp-content\/uploads\/2024\/04\/Oftalmologia-1-400x400.jpg 400w, https:\/\/juarezmedtravel.org\/wp-content\/uploads\/2024\/04\/Oftalmologia-1.jpg 600w\" sizes=\"(max-width: 640px) 100vw, 400px\" \/><\/span><\/div><\/div><div class=\"fusion-title title fusion-title-1 fusion-sep-none fusion-title-center fusion-title-text fusion-title-size-one\" style=\"--awb-font-size:38px;\"><h1 class=\"fusion-title-heading title-heading-center\" style=\"font-family:&quot;Inter&quot;;font-style:normal;font-weight:300;margin:0;font-size:1em;\">Dr. Fernando Rodriguez<\/h1><\/div><\/div><\/div><div class=\"fusion-layout-column fusion_builder_column fusion-builder-column-2 fusion_builder_column_2_5 2_5 fusion-flex-column\" style=\"--awb-padding-top:4%;--awb-padding-right:4%;--awb-padding-bottom:4%;--awb-padding-left:4%;--awb-bg-color:var(--awb-color1);--awb-bg-color-hover:var(--awb-color1);--awb-bg-size:cover;--awb-width-large:40%;--awb-margin-top-large:0px;--awb-spacing-right-large:4.8%;--awb-margin-bottom-large:20px;--awb-spacing-left-large:4.8%;--awb-width-medium:40%;--awb-order-medium:0;--awb-spacing-right-medium:4.8%;--awb-spacing-left-medium:4.8%;--awb-width-small:100%;--awb-order-small:0;--awb-spacing-right-small:1.92%;--awb-margin-bottom-small:6%;--awb-spacing-left-small:1.92%;\"><div class=\"fusion-column-wrapper fusion-column-has-shadow fusion-flex-justify-content-flex-start fusion-content-layout-column\"><div class=\"fusion-title title fusion-title-2 fusion-sep-none fusion-title-center fusion-title-text fusion-title-size-one\" style=\"--awb-text-color:var(--awb-color7);--awb-margin-bottom:6%;--awb-font-size:20px;\"><h1 class=\"fusion-title-heading title-heading-center\" style=\"font-family:&quot;Inter&quot;;font-style:normal;font-weight:400;margin:0;text-transform:uppercase;font-size:1em;\">Especializaciones medicas<\/h1><\/div><div class=\"fusion-text fusion-text-1 fusion-text-no-margin\" style=\"--awb-font-size:14px;--awb-text-transform:none;--awb-text-color:var(--awb-color8);--awb-text-font-family:&quot;Inter&quot;;--awb-text-font-style:normal;--awb-text-font-weight:600;\"><p style=\"text-align: left;\">\u2022 Licenciatura en Medicina y Cirug\u00eda.<\/p>\n<p style=\"text-align: left;\">\u2022 Residencia en Oftalmolog\u00eda.<\/p>\n<p style=\"text-align: left;\">\u2022 Experiencia en diagn\u00f3stico y tratamiento de enfermedades oculares.<\/p>\n<p style=\"text-align: left;\">\u2022 Especializaci\u00f3n en cirug\u00eda de cataratas y correcci\u00f3n de la visi\u00f3n con l\u00e1ser.<\/p>\n<p style=\"text-align: left;\">\u2022 Participaci\u00f3n en congresos y cursos de actualizaci\u00f3n en oftalmolog\u00eda.<\/p>\n<\/div><div class=\"fusion-social-links fusion-social-links-1\" style=\"--awb-margin-top:6%;--awb-margin-right:0px;--awb-margin-bottom:3%;--awb-margin-left:0px;--awb-alignment:center;--awb-box-border-top:0px;--awb-box-border-right:0px;--awb-box-border-bottom:0px;--awb-box-border-left:0px;--awb-icon-colors-hover:var(--awb-color6);--awb-box-colors-hover:var(--awb-color5);--awb-box-border-color:var(--awb-color3);--awb-box-border-color-hover:var(--awb-color4);\"><div class=\"fusion-social-networks boxed-icons color-type-custom\"><div class=\"fusion-social-networks-wrapper\"><a class=\"fusion-social-network-icon fusion-tooltip fusion-facebook awb-icon-facebook\" style=\"color:var(--awb-color5);font-size:26px;width:26px;background-color:var(--awb-color6);border-color:var(--awb-color6);border-radius:4px;\" data-placement=\"top\" data-title=\"Facebook\" data-toggle=\"tooltip\" title=\"Facebook\" aria-label=\"facebook\" target=\"_blank\" rel=\"noopener noreferrer\" href=\"#\"><\/a><a class=\"fusion-social-network-icon fusion-tooltip fusion-instagram awb-icon-instagram\" style=\"color:var(--awb-color5);font-size:26px;width:26px;background-color:var(--awb-color6);border-color:var(--awb-color6);border-radius:4px;\" data-placement=\"top\" data-title=\"Instagram\" data-toggle=\"tooltip\" title=\"Instagram\" aria-label=\"instagram\" target=\"_blank\" rel=\"noopener noreferrer\" href=\"#\"><\/a><a class=\"fusion-social-network-icon fusion-tooltip fusion-linkedin awb-icon-linkedin\" style=\"color:var(--awb-color5);font-size:26px;width:26px;background-color:var(--awb-color6);border-color:var(--awb-color6);border-radius:4px;\" data-placement=\"top\" data-title=\"LinkedIn\" data-toggle=\"tooltip\" title=\"LinkedIn\" aria-label=\"linkedin\" target=\"_blank\" rel=\"noopener noreferrer\" href=\"#\"><\/a><a class=\"fusion-social-network-icon fusion-tooltip fusion-whatsapp awb-icon-whatsapp\" style=\"color:var(--awb-color5);font-size:26px;width:26px;background-color:var(--awb-color6);border-color:var(--awb-color6);border-radius:4px;\" data-placement=\"top\" data-title=\"WhatsApp\" data-toggle=\"tooltip\" title=\"WhatsApp\" aria-label=\"whatsapp\" target=\"_blank\" rel=\"noopener noreferrer\" href=\"#\"><\/a><a class=\"fusion-social-network-icon fusion-tooltip fusion-mail awb-icon-mail\" style=\"color:var(--awb-color5);font-size:26px;width:26px;background-color:var(--awb-color6);border-color:var(--awb-color6);border-radius:4px;\" data-placement=\"top\" data-title=\"Email\" data-toggle=\"tooltip\" title=\"Email\" aria-label=\"mail\" target=\"_blank\" rel=\"noopener noreferrer\" href=\"mailto:&#035;\"><\/a><a class=\"fusion-social-network-icon fusion-tooltip fusion-phone awb-icon-phone\" style=\"color:var(--awb-color5);font-size:26px;width:26px;background-color:var(--awb-color6);border-color:var(--awb-color6);border-radius:4px;\" data-placement=\"top\" data-title=\"Phone\" data-toggle=\"tooltip\" title=\"Phone\" aria-label=\"phone\" target=\"_self\" rel=\"noopener noreferrer\" href=\"tel:#\"><\/a><\/div><\/div><\/div><\/div><\/div><div class=\"fusion-layout-column fusion_builder_column fusion-builder-column-3 fusion_builder_column_3_4 3_4 fusion-flex-column\" style=\"--awb-bg-size:cover;--awb-width-large:75%;--awb-margin-top-large:0px;--awb-spacing-right-large:2.56%;--awb-margin-bottom-large:20px;--awb-spacing-left-large:2.56%;--awb-width-medium:75%;--awb-order-medium:0;--awb-spacing-right-medium:2.56%;--awb-spacing-left-medium:2.56%;--awb-width-small:100%;--awb-order-small:0;--awb-spacing-right-small:1.92%;--awb-spacing-left-small:1.92%;\"><div class=\"fusion-column-wrapper fusion-column-has-shadow fusion-flex-justify-content-flex-start fusion-content-layout-column\"><div class=\"fusion-text fusion-text-2\" style=\"--awb-text-color:var(--awb-color3);\"><p>El Dr. Fernando Rodr\u00edguez es un oftalm\u00f3logo altamente capacitado con una s\u00f3lida formaci\u00f3n en medicina y cirug\u00eda. Despu\u00e9s de completar su residencia en oftalmolog\u00eda, el Dr. Rodr\u00edguez ha acumulado una amplia experiencia en el diagn\u00f3stico y tratamiento de una variedad de enfermedades oculares.<\/p>\n<p>Especializado en cirug\u00eda de cataratas y correcci\u00f3n de la visi\u00f3n con l\u00e1ser, el Dr. Rodr\u00edguez ha ayudado a numerosos pacientes a mejorar su calidad de vida y recuperar una visi\u00f3n \u00f3ptima. Su habilidad quir\u00fargica y su atenci\u00f3n meticulosa al detalle garantizan resultados excepcionales y seguros para sus pacientes.<\/p>\n<p>Adem\u00e1s de su pr\u00e1ctica cl\u00ednica, el Dr. Rodr\u00edguez se mantiene al d\u00eda con los avances m\u00e1s recientes en oftalmolog\u00eda, participando activamente en congresos y cursos de actualizaci\u00f3n. Su compromiso con la excelencia y su pasi\u00f3n por proporcionar la mejor atenci\u00f3n posible hacen que sea un profesional altamente respetado en su campo. que buscan cuidado oftalmol\u00f3gico de alta calidad.\"<\/p>\n<\/div><div class=\"sm-text-align-center\" style=\"text-align:left;\"><a class=\"fusion-button button-flat button-xlarge button-custom fusion-button-default button-1 fusion-button-span-yes fusion-has-button-gradient\" style=\"--button_accent_color:var(--awb-color7);--button_border_color:var(--awb-color7);--button_accent_hover_color:var(--awb-color2);--button_border_hover_color:var(--awb-color1);--button_gradient_top_color:var(--awb-color1);--button_gradient_bottom_color:var(--awb-color5);--button_gradient_top_color_hover:#45c0d1;--button_gradient_bottom_color_hover:#45c0d1;--button_text_transform:uppercase;--button_typography-font-family:&quot;Open Sans&quot;;--button_typography-font-style:normal;--button_typography-font-weight:600;--button_margin-top:3%;\" target=\"_self\" href=\"https:\/\/juarezmedtravel.org\/en\/directorio\/\"><span class=\"fusion-button-text awb-button__text awb-button__text--default\">View Directory<\/span><\/a><\/div><\/div><\/div><\/div><\/div>","protected":false},"excerpt":{"rendered":"","protected":false},"author":3,"featured_media":779,"parent":70,"menu_order":0,"comment_status":"closed","ping_status":"closed","template":"100-width.php","meta":{"footnotes":""},"categories":[],"tags":[],"class_list":["post-914","page","type-page","status-publish","has-post-thumbnail","hentry"],"_links":{"self":[{"href":"https:\/\/juarezmedtravel.org\/en\/wp-json\/wp\/v2\/pages\/914","targetHints":{"allow":["GET"]}}],"collection":[{"href":"https:\/\/juarezmedtravel.org\/en\/wp-json\/wp\/v2\/pages"}],"about":[{"href":"https:\/\/juarezmedtravel.org\/en\/wp-json\/wp\/v2\/types\/page"}],"author":[{"embeddable":true,"href":"https:\/\/juarezmedtravel.org\/en\/wp-json\/wp\/v2\/users\/3"}],"replies":[{"embeddable":true,"href":"https:\/\/juarezmedtravel.org\/en\/wp-json\/wp\/v2\/comments?post=914"}],"version-history":[{"count":2,"href":"https:\/\/juarezmedtravel.org\/en\/wp-json\/wp\/v2\/pages\/914\/revisions"}],"predecessor-version":[{"id":916,"href":"https:\/\/juarezmedtravel.org\/en\/wp-json\/wp\/v2\/pages\/914\/revisions\/916"}],"up":[{"embeddable":true,"href":"https:\/\/juarezmedtravel.org\/en\/wp-json\/wp\/v2\/pages\/70"}],"wp:featuredmedia":[{"embeddable":true,"href":"https:\/\/juarezmedtravel.org\/en\/wp-json\/wp\/v2\/media\/779"}],"wp:attachment":[{"href":"https:\/\/juarezmedtravel.org\/en\/wp-json\/wp\/v2\/media?parent=914"}],"wp:term":[{"taxonomy":"category","embeddable":true,"href":"https:\/\/juarezmedtravel.org\/en\/wp-json\/wp\/v2\/categories?post=914"},{"taxonomy":"post_tag","embeddable":true,"href":"https:\/\/juarezmedtravel.org\/en\/wp-json\/wp\/v2\/tags?post=914"}],"curies":[{"name":"wp","href":"https:\/\/api.w.org\/{rel}","templated":true}]}}