{"id":589,"date":"2024-04-26T12:57:11","date_gmt":"2024-04-26T12:57:11","guid":{"rendered":"https:\/\/juarezmedtravel.org\/?page_id=589"},"modified":"2024-04-26T15:23:06","modified_gmt":"2024-04-26T15:23:06","slug":"maria-garcia","status":"publish","type":"page","link":"https:\/\/juarezmedtravel.org\/en\/directorio-salud-turismo-medico-ciudad-juarez\/odontologia\/odontologia-general\/maria-garcia","title":{"rendered":"Dra. Mar\u00eda Garc\u00eda"},"content":{"rendered":"<div class=\"fusion-fullwidth fullwidth-box fusion-builder-row-1 fusion-flex-container has-pattern-background has-mask-background nonhundred-percent-fullwidth non-hundred-percent-height-scrolling\" style=\"--awb-border-radius-top-left:0px;--awb-border-radius-top-right:0px;--awb-border-radius-bottom-right:0px;--awb-border-radius-bottom-left:0px;--awb-margin-top:-3%;--awb-flex-wrap:wrap;\" ><div class=\"fusion-builder-row fusion-row fusion-flex-align-items-center fusion-flex-justify-content-center fusion-flex-content-wrap\" style=\"max-width:1248px;margin-left: calc(-4% \/ 2 );margin-right: calc(-4% \/ 2 );\"><div class=\"fusion-layout-column fusion_builder_column fusion-builder-column-0 fusion_builder_column_3_4 3_4 fusion-flex-column\" style=\"--awb-padding-top:3%;--awb-padding-bottom:3%;--awb-bg-color:var(--awb-color7);--awb-bg-color-hover:var(--awb-color7);--awb-bg-size:cover;--awb-width-large:75%;--awb-margin-top-large:0px;--awb-spacing-right-large:2.56%;--awb-margin-bottom-large:20px;--awb-spacing-left-large:2.56%;--awb-width-medium:75%;--awb-order-medium:0;--awb-spacing-right-medium:2.56%;--awb-spacing-left-medium:2.56%;--awb-width-small:100%;--awb-order-small:0;--awb-spacing-right-small:1.92%;--awb-spacing-left-small:1.92%;\"><div class=\"fusion-column-wrapper fusion-column-has-shadow fusion-flex-justify-content-flex-start fusion-content-layout-column\"><nav class=\"fusion-breadcrumbs fusion-breadcrumbs-1\" style=\"--awb-alignment:center;--awb-text-color:var(--awb-color2);--awb-breadcrumb-sep:&#039;\/&#039;;text-align:center;\" aria-label=\"Breadcrumb\"><ol class=\"awb-breadcrumb-list\"><\/ol><\/nav><\/div><\/div><div class=\"fusion-layout-column fusion_builder_column fusion-builder-column-1 fusion_builder_column_1_3 1_3 fusion-flex-column\" style=\"--awb-bg-size:cover;--awb-width-large:33.333333333333%;--awb-margin-top-large:0px;--awb-spacing-right-large:5.76%;--awb-margin-bottom-large:20px;--awb-spacing-left-large:5.76%;--awb-width-medium:33.333333333333%;--awb-order-medium:0;--awb-spacing-right-medium:5.76%;--awb-spacing-left-medium:5.76%;--awb-width-small:100%;--awb-order-small:0;--awb-spacing-right-small:1.92%;--awb-spacing-left-small:1.92%;\"><div class=\"fusion-column-wrapper fusion-column-has-shadow fusion-flex-justify-content-flex-start fusion-content-layout-column\"><div class=\"fusion-image-element\" style=\"text-align:center;--awb-aspect-ratio:1 \/ 1;--awb-object-position:39% 5%;--awb-max-width:300px;--awb-caption-title-font-family:var(--h2_typography-font-family);--awb-caption-title-font-weight:var(--h2_typography-font-weight);--awb-caption-title-font-style:var(--h2_typography-font-style);--awb-caption-title-size:var(--h2_typography-font-size);--awb-caption-title-transform:var(--h2_typography-text-transform);--awb-caption-title-line-height:var(--h2_typography-line-height);--awb-caption-title-letter-spacing:var(--h2_typography-letter-spacing);\"><div style=\"display:inline-block;width:300px;\"><span class=\"fusion-imageframe imageframe-none imageframe-1 hover-type-none has-aspect-ratio\"><img decoding=\"async\" width=\"600\" height=\"600\" title=\"Odontologia 4\" src=\"https:\/\/juarezmedtravel.org\/wp-content\/uploads\/2024\/04\/Odontologia-4.jpg\" class=\"img-responsive wp-image-434 img-with-aspect-ratio\" data-parent-fit=\"cover\" data-parent-container=\".fusion-image-element\" alt srcset=\"https:\/\/juarezmedtravel.org\/wp-content\/uploads\/2024\/04\/Odontologia-4-200x200.jpg 200w, https:\/\/juarezmedtravel.org\/wp-content\/uploads\/2024\/04\/Odontologia-4-400x400.jpg 400w, https:\/\/juarezmedtravel.org\/wp-content\/uploads\/2024\/04\/Odontologia-4.jpg 600w\" sizes=\"(max-width: 640px) 100vw, 400px\" \/><\/span><\/div><\/div><div class=\"fusion-title title fusion-title-1 fusion-sep-none fusion-title-center fusion-title-text fusion-title-size-one\" style=\"--awb-font-size:38px;\"><h1 class=\"fusion-title-heading title-heading-center\" style=\"font-family:&quot;Inter&quot;;font-style:normal;font-weight:300;margin:0;font-size:1em;\">Dra. Mar\u00eda Garc\u00eda<\/h1><\/div><\/div><\/div><div class=\"fusion-layout-column fusion_builder_column fusion-builder-column-2 fusion_builder_column_2_5 2_5 fusion-flex-column\" style=\"--awb-padding-top:4%;--awb-padding-right:4%;--awb-padding-bottom:4%;--awb-padding-left:4%;--awb-bg-color:var(--awb-color1);--awb-bg-color-hover:var(--awb-color1);--awb-bg-size:cover;--awb-width-large:40%;--awb-margin-top-large:0px;--awb-spacing-right-large:4.8%;--awb-margin-bottom-large:20px;--awb-spacing-left-large:4.8%;--awb-width-medium:40%;--awb-order-medium:0;--awb-spacing-right-medium:4.8%;--awb-spacing-left-medium:4.8%;--awb-width-small:100%;--awb-order-small:0;--awb-spacing-right-small:1.92%;--awb-margin-bottom-small:6%;--awb-spacing-left-small:1.92%;\"><div class=\"fusion-column-wrapper fusion-column-has-shadow fusion-flex-justify-content-flex-start fusion-content-layout-column\"><div class=\"fusion-title title fusion-title-2 fusion-sep-none fusion-title-center fusion-title-text fusion-title-size-one\" style=\"--awb-text-color:var(--awb-color7);--awb-margin-bottom:6%;--awb-font-size:20px;\"><h1 class=\"fusion-title-heading title-heading-center\" style=\"font-family:&quot;Inter&quot;;font-style:normal;font-weight:400;margin:0;text-transform:uppercase;font-size:1em;\">Especializaciones medicas<\/h1><\/div><div class=\"fusion-text fusion-text-1 fusion-text-no-margin\" style=\"--awb-font-size:14px;--awb-text-transform:none;--awb-text-color:var(--awb-color8);--awb-text-font-family:&quot;Inter&quot;;--awb-text-font-style:normal;--awb-text-font-weight:600;\"><p style=\"text-align: left;\">\u2022 Licenciatura en Odontolog\u00eda Universidad Aut\u00f3noma de Ciudad Ju\u00e1rez<\/p>\n<p style=\"text-align: left;\">\u2022 Experiencia en cl\u00ednica dental general durante 8 a\u00f1os<\/p>\n<p style=\"text-align: left;\">\u2022 Habilidad en procedimientos de limpieza, restauraciones y extracciones dentales<\/p>\n<p style=\"text-align: left;\">\u2022 Certificaci\u00f3n en t\u00e9cnicas de blanqueamiento dental<\/p>\n<p>\u2022 Miembro de la Asociaci\u00f3n Dental de Ciudad Ju\u00e1rez<\/p>\n<\/div><div class=\"fusion-social-links fusion-social-links-1\" style=\"--awb-margin-top:6%;--awb-margin-right:0px;--awb-margin-bottom:3%;--awb-margin-left:0px;--awb-alignment:center;--awb-box-border-top:0px;--awb-box-border-right:0px;--awb-box-border-bottom:0px;--awb-box-border-left:0px;--awb-icon-colors-hover:var(--awb-color6);--awb-box-colors-hover:var(--awb-color5);--awb-box-border-color:var(--awb-color3);--awb-box-border-color-hover:var(--awb-color4);\"><div class=\"fusion-social-networks boxed-icons color-type-custom\"><div class=\"fusion-social-networks-wrapper\"><a class=\"fusion-social-network-icon fusion-tooltip fusion-facebook awb-icon-facebook\" style=\"color:var(--awb-color5);font-size:26px;width:26px;background-color:var(--awb-color6);border-color:var(--awb-color6);border-radius:4px;\" data-placement=\"top\" data-title=\"Facebook\" data-toggle=\"tooltip\" title=\"Facebook\" aria-label=\"facebook\" target=\"_blank\" rel=\"noopener noreferrer\" href=\"#\"><\/a><a class=\"fusion-social-network-icon fusion-tooltip fusion-instagram awb-icon-instagram\" style=\"color:var(--awb-color5);font-size:26px;width:26px;background-color:var(--awb-color6);border-color:var(--awb-color6);border-radius:4px;\" data-placement=\"top\" data-title=\"Instagram\" data-toggle=\"tooltip\" title=\"Instagram\" aria-label=\"instagram\" target=\"_blank\" rel=\"noopener noreferrer\" href=\"#\"><\/a><a class=\"fusion-social-network-icon fusion-tooltip fusion-linkedin awb-icon-linkedin\" style=\"color:var(--awb-color5);font-size:26px;width:26px;background-color:var(--awb-color6);border-color:var(--awb-color6);border-radius:4px;\" data-placement=\"top\" data-title=\"LinkedIn\" data-toggle=\"tooltip\" title=\"LinkedIn\" aria-label=\"linkedin\" target=\"_blank\" rel=\"noopener noreferrer\" href=\"#\"><\/a><a class=\"fusion-social-network-icon fusion-tooltip fusion-whatsapp awb-icon-whatsapp\" style=\"color:var(--awb-color5);font-size:26px;width:26px;background-color:var(--awb-color6);border-color:var(--awb-color6);border-radius:4px;\" data-placement=\"top\" data-title=\"WhatsApp\" data-toggle=\"tooltip\" title=\"WhatsApp\" aria-label=\"whatsapp\" target=\"_blank\" rel=\"noopener noreferrer\" href=\"#\"><\/a><a class=\"fusion-social-network-icon fusion-tooltip fusion-mail awb-icon-mail\" style=\"color:var(--awb-color5);font-size:26px;width:26px;background-color:var(--awb-color6);border-color:var(--awb-color6);border-radius:4px;\" data-placement=\"top\" data-title=\"Email\" data-toggle=\"tooltip\" title=\"Email\" aria-label=\"mail\" target=\"_blank\" rel=\"noopener noreferrer\" href=\"mailto:#\"><\/a><a class=\"fusion-social-network-icon fusion-tooltip fusion-phone awb-icon-phone\" style=\"color:var(--awb-color5);font-size:26px;width:26px;background-color:var(--awb-color6);border-color:var(--awb-color6);border-radius:4px;\" data-placement=\"top\" data-title=\"Phone\" data-toggle=\"tooltip\" title=\"Phone\" aria-label=\"phone\" target=\"_self\" rel=\"noopener noreferrer\" href=\"tel:#\"><\/a><\/div><\/div><\/div><\/div><\/div><div class=\"fusion-layout-column fusion_builder_column fusion-builder-column-3 fusion_builder_column_3_4 3_4 fusion-flex-column\" style=\"--awb-bg-size:cover;--awb-width-large:75%;--awb-margin-top-large:0px;--awb-spacing-right-large:2.56%;--awb-margin-bottom-large:20px;--awb-spacing-left-large:2.56%;--awb-width-medium:75%;--awb-order-medium:0;--awb-spacing-right-medium:2.56%;--awb-spacing-left-medium:2.56%;--awb-width-small:100%;--awb-order-small:0;--awb-spacing-right-small:1.92%;--awb-spacing-left-small:1.92%;\"><div class=\"fusion-column-wrapper fusion-column-has-shadow fusion-flex-justify-content-flex-start fusion-content-layout-column\"><div class=\"fusion-text fusion-text-2\" style=\"--awb-text-color:var(--awb-color3);\"><p>Dra. Mar\u00eda Garc\u00eda es una destacada odont\u00f3loga con una s\u00f3lida formaci\u00f3n acad\u00e9mica y una amplia experiencia en el campo de la odontolog\u00eda general. Obtuvo su Licenciatura en Odontolog\u00eda de la Universidad Aut\u00f3noma de Ciudad Ju\u00e1rez, donde destac\u00f3 por su dedicaci\u00f3n y excelencia acad\u00e9mica.<\/p>\n<p>Con m\u00e1s de 8 a\u00f1os de experiencia en cl\u00ednica dental general, la Dra. Garc\u00eda ha demostrado habilidades excepcionales en una amplia gama de procedimientos, incluyendo limpiezas, restauraciones y extracciones dentales. Su enfoque centrado en el paciente y su atenci\u00f3n meticulosa le han permitido brindar cuidados dentales de alta calidad a sus pacientes a lo largo de los a\u00f1os.<\/p>\n<p>Adem\u00e1s, la Dra. Garc\u00eda posee una certificaci\u00f3n en t\u00e9cnicas de blanqueamiento dental, lo que le permite ofrecer a sus pacientes opciones para mejorar la est\u00e9tica de su sonrisa de manera segura y efectiva.<\/p>\n<p>Comprometida con mantenerse al d\u00eda con los avances en su campo, la Dra. Garc\u00eda ha participado activamente en cursos de actualizaci\u00f3n en odontolog\u00eda conservadora y preventiva. Esta dedicaci\u00f3n a la educaci\u00f3n continua le permite aplicar las \u00faltimas t\u00e9cnicas y tecnolog\u00edas en su pr\u00e1ctica, asegurando resultados \u00f3ptimos para sus pacientes.<\/p>\n<p>La Dra. Mar\u00eda Garc\u00eda es tambi\u00e9n miembro orgulloso de la Asociaci\u00f3n Dental de Ciudad Ju\u00e1rez, donde colabora con otros profesionales de la odontolog\u00eda para promover la excelencia en el cuidado dental y mejorar la salud bucal en la comunidad.<\/p>\n<p>Con su combinaci\u00f3n de experiencia, habilidades cl\u00ednicas y compromiso con la excelencia, la Dra. Mar\u00eda Garc\u00eda se ha ganado el respeto y la confianza de sus pacientes y colegas por igual. Su pasi\u00f3n por la odontolog\u00eda y su dedicaci\u00f3n al bienestar de sus pacientes la convierten en una profesional ejemplar en su campo.<\/p>\n<\/div><div class=\"sm-text-align-center\" style=\"text-align:left;\"><a class=\"fusion-button button-flat button-xlarge button-custom fusion-button-default button-1 fusion-button-span-yes fusion-has-button-gradient\" style=\"--button_accent_color:var(--awb-color7);--button_border_color:var(--awb-color7);--button_accent_hover_color:var(--awb-color2);--button_border_hover_color:var(--awb-color1);--button_gradient_top_color:var(--awb-color1);--button_gradient_bottom_color:var(--awb-color5);--button_gradient_top_color_hover:#45c0d1;--button_gradient_bottom_color_hover:#45c0d1;--button_text_transform:uppercase;--button_typography-font-family:&quot;Open Sans&quot;;--button_typography-font-style:normal;--button_typography-font-weight:600;--button_margin-top:3%;\" target=\"_self\"><span class=\"fusion-button-text awb-button__text awb-button__text--default\">View Directory<\/span><\/a><\/div><\/div><\/div><\/div><\/div>","protected":false},"excerpt":{"rendered":"","protected":false},"author":3,"featured_media":434,"parent":302,"menu_order":0,"comment_status":"closed","ping_status":"closed","template":"100-width.php","meta":{"footnotes":""},"categories":[],"tags":[],"class_list":["post-589","page","type-page","status-publish","has-post-thumbnail","hentry"],"_links":{"self":[{"href":"https:\/\/juarezmedtravel.org\/en\/wp-json\/wp\/v2\/pages\/589","targetHints":{"allow":["GET"]}}],"collection":[{"href":"https:\/\/juarezmedtravel.org\/en\/wp-json\/wp\/v2\/pages"}],"about":[{"href":"https:\/\/juarezmedtravel.org\/en\/wp-json\/wp\/v2\/types\/page"}],"author":[{"embeddable":true,"href":"https:\/\/juarezmedtravel.org\/en\/wp-json\/wp\/v2\/users\/3"}],"replies":[{"embeddable":true,"href":"https:\/\/juarezmedtravel.org\/en\/wp-json\/wp\/v2\/comments?post=589"}],"version-history":[{"count":12,"href":"https:\/\/juarezmedtravel.org\/en\/wp-json\/wp\/v2\/pages\/589\/revisions"}],"predecessor-version":[{"id":618,"href":"https:\/\/juarezmedtravel.org\/en\/wp-json\/wp\/v2\/pages\/589\/revisions\/618"}],"up":[{"embeddable":true,"href":"https:\/\/juarezmedtravel.org\/en\/wp-json\/wp\/v2\/pages\/302"}],"wp:featuredmedia":[{"embeddable":true,"href":"https:\/\/juarezmedtravel.org\/en\/wp-json\/wp\/v2\/media\/434"}],"wp:attachment":[{"href":"https:\/\/juarezmedtravel.org\/en\/wp-json\/wp\/v2\/media?parent=589"}],"wp:term":[{"taxonomy":"category","embeddable":true,"href":"https:\/\/juarezmedtravel.org\/en\/wp-json\/wp\/v2\/categories?post=589"},{"taxonomy":"post_tag","embeddable":true,"href":"https:\/\/juarezmedtravel.org\/en\/wp-json\/wp\/v2\/tags?post=589"}],"curies":[{"name":"wp","href":"https:\/\/api.w.org\/{rel}","templated":true}]}}