{"id":1742,"date":"2024-06-24T14:04:08","date_gmt":"2024-06-24T14:04:08","guid":{"rendered":"https:\/\/juarezmedtravel.org\/?page_id=1742"},"modified":"2024-06-25T17:28:45","modified_gmt":"2024-06-25T17:28:45","slug":"nuevos-saberes-y-conocimientos","status":"publish","type":"page","link":"https:\/\/juarezmedtravel.org\/en\/nuevos-saberes-y-conocimientos","title":{"rendered":"Nuevos Saberes y Conocimientos"},"content":{"rendered":"<p><div class=\"fusion-bg-parallax\" data-bg-align=\"center center\" data-direction=\"down\" data-mute=\"false\" data-opacity=\"100\" data-velocity=\"-0.3\" data-mobile-enabled=\"false\" data-break_parents=\"0\" data-bg-image=\"https:\/\/juarezmedtravel.org\/wp-content\/uploads\/2024\/05\/Cluster-Background.jpg\" data-bg-repeat=\"false\" ><\/div><div class=\"fusion-fullwidth fullwidth-box fusion-builder-row-1 fusion-flex-container has-pattern-background has-mask-background fusion-parallax-down nonhundred-percent-fullwidth non-hundred-percent-height-scrolling\" style=\"--awb-border-radius-top-left:0px;--awb-border-radius-top-right:0px;--awb-border-radius-bottom-right:0px;--awb-border-radius-bottom-left:0px;--awb-padding-right:6%;--awb-padding-bottom:0px;--awb-padding-left:6%;--awb-margin-top:-4%;--awb-margin-bottom:0px;--awb-background-image:url(&quot;https:\/\/juarezmedtravel.org\/wp-content\/uploads\/2024\/05\/Cluster-Background.jpg&quot;);--awb-background-size:cover;--awb-flex-wrap:wrap;\" ><div class=\"fusion-builder-row fusion-row fusion-flex-align-items-flex-start fusion-flex-content-wrap\" style=\"max-width:1248px;margin-left: calc(-4% \/ 2 );margin-right: calc(-4% \/ 2 );\"><div class=\"fusion-layout-column fusion_builder_column fusion-builder-column-0 fusion_builder_column_1_1 1_1 fusion-flex-column\" style=\"--awb-padding-top:3%;--awb-padding-bottom:3%;--awb-bg-size:cover;--awb-width-large:100%;--awb-margin-top-large:0px;--awb-spacing-right-large:1.92%;--awb-margin-bottom-large:0px;--awb-spacing-left-large:1.92%;--awb-width-medium:100%;--awb-order-medium:0;--awb-spacing-right-medium:1.92%;--awb-spacing-left-medium:1.92%;--awb-width-small:100%;--awb-order-small:0;--awb-spacing-right-small:1.92%;--awb-spacing-left-small:1.92%;\"><div class=\"fusion-column-wrapper fusion-column-has-shadow fusion-flex-justify-content-flex-start fusion-content-layout-column\"><div class=\"fusion-title title fusion-title-1 fusion-sep-none fusion-title-text fusion-title-size-one\" style=\"--awb-text-color:var(--awb-color2);--awb-font-size:36px;\"><h1 class=\"fusion-title-heading title-heading-left\" style=\"font-family:&quot;Inter&quot;;font-style:normal;font-weight:400;margin:0;text-transform:uppercase;font-size:1em;\">Nuevos Saberes y Conocimientos<\/h1><\/div><div class=\"fusion-title title fusion-title-2 fusion-sep-none fusion-title-text fusion-title-size-one\" style=\"--awb-text-color:var(--awb-color5);--awb-margin-top:-2%;--awb-font-size:28px;\"><h1 class=\"fusion-title-heading title-heading-left\" style=\"font-family:&quot;Inter&quot;;font-style:normal;font-weight:400;margin:0;font-size:1em;\">Literatura sobre turismo m\u00e9dico<\/h1><\/div><\/div><\/div><\/div><\/div><div class=\"fusion-fullwidth fullwidth-box fusion-builder-row-2 fusion-flex-container has-pattern-background has-mask-background nonhundred-percent-fullwidth non-hundred-percent-height-scrolling\" style=\"--awb-border-radius-top-left:0px;--awb-border-radius-top-right:0px;--awb-border-radius-bottom-right:0px;--awb-border-radius-bottom-left:0px;--awb-padding-top:2vw;--awb-flex-wrap:wrap;\" ><div class=\"fusion-builder-row fusion-row fusion-flex-align-items-flex-start fusion-flex-content-wrap\" style=\"max-width:1248px;margin-left: calc(-4% \/ 2 );margin-right: calc(-4% \/ 2 );\"><div class=\"fusion-layout-column fusion_builder_column fusion-builder-column-1 fusion_builder_column_1_1 1_1 fusion-flex-column\" style=\"--awb-bg-size:cover;--awb-width-large:100%;--awb-margin-top-large:0px;--awb-spacing-right-large:1.92%;--awb-margin-bottom-large:20px;--awb-spacing-left-large:1.92%;--awb-width-medium:100%;--awb-order-medium:0;--awb-spacing-right-medium:1.92%;--awb-spacing-left-medium:1.92%;--awb-width-small:100%;--awb-order-small:0;--awb-spacing-right-small:1.92%;--awb-spacing-left-small:1.92%;\"><div class=\"fusion-column-wrapper fusion-column-has-shadow fusion-flex-justify-content-flex-start fusion-content-layout-column\"><\/div><\/div><div class=\"fusion-layout-column fusion_builder_column fusion-builder-column-2 fusion_builder_column_1_1 1_1 fusion-flex-column\" style=\"--awb-bg-size:cover;--awb-width-large:100%;--awb-margin-top-large:0px;--awb-spacing-right-large:1.92%;--awb-margin-bottom-large:20px;--awb-spacing-left-large:1.92%;--awb-width-medium:100%;--awb-order-medium:0;--awb-spacing-right-medium:1.92%;--awb-spacing-left-medium:1.92%;--awb-width-small:100%;--awb-order-small:0;--awb-spacing-right-small:1.92%;--awb-spacing-left-small:1.92%;\"><div class=\"fusion-column-wrapper fusion-column-has-shadow fusion-flex-justify-content-flex-start fusion-content-layout-column\"><div class=\"fusion-blog-shortcode fusion-blog-shortcode-1 fusion-blog-archive fusion-blog-layout-medium fusion-blog-pagination\"><div class=\"fusion-posts-container fusion-posts-container-pagination fusion-blog-rollover\" data-pages=\"1\"><article id=\"blog-1-post-1774\" class=\"fusion-post-medium post-1774 post type-post status-publish format-standard has-post-thumbnail hentry category-nuevos-saberes\">\n\t<style type=\"text\/css\">\r\n\t\t\r\n\t\t\r\n\t\t\r\n\t\t\r\n\t\t\t<\/style>\r\n\r\n\r\n\t\t\t<div class=\"fusion-flexslider flexslider fusion-flexslider-loading fusion-post-slideshow\" style=\"\">\r\n\t\t<ul class=\"slides\">\r\n\t\t\t\r\n\t\t\t\t\t\t\t\t\t\t\t\t\t\t<li><div  class=\"fusion-image-wrapper fusion-image-size-fixed\" aria-haspopup=\"true\">\r\n\t\t\t\t<img decoding=\"async\" width=\"203\" height=\"202\" src=\"https:\/\/juarezmedtravel.org\/wp-content\/uploads\/2024\/06\/Exploring-medical-tourism-in-mexico-320x319.png\" class=\"attachment-blog-medium size-blog-medium wp-post-image\" alt=\"\" srcset=\"https:\/\/juarezmedtravel.org\/wp-content\/uploads\/2024\/06\/Exploring-medical-tourism-in-mexico-12x12.png 12w, https:\/\/juarezmedtravel.org\/wp-content\/uploads\/2024\/06\/Exploring-medical-tourism-in-mexico-66x66.png 66w, https:\/\/juarezmedtravel.org\/wp-content\/uploads\/2024\/06\/Exploring-medical-tourism-in-mexico-150x150.png 150w, https:\/\/juarezmedtravel.org\/wp-content\/uploads\/2024\/06\/Exploring-medical-tourism-in-mexico-177x177.png 177w, https:\/\/juarezmedtravel.org\/wp-content\/uploads\/2024\/06\/Exploring-medical-tourism-in-mexico-200x200.png 200w, https:\/\/juarezmedtravel.org\/wp-content\/uploads\/2024\/06\/Exploring-medical-tourism-in-mexico-300x299.png 300w, https:\/\/juarezmedtravel.org\/wp-content\/uploads\/2024\/06\/Exploring-medical-tourism-in-mexico-320x319.png 320w, https:\/\/juarezmedtravel.org\/wp-content\/uploads\/2024\/06\/Exploring-medical-tourism-in-mexico.png 401w\" sizes=\"(max-width: 203px) 100vw, 203px\" \/><div class=\"fusion-rollover\">\r\n\t<div class=\"fusion-rollover-content\">\r\n\r\n\t\t\t\t\t\t\t\t\t\t\t\t\t\t<a class=\"fusion-rollover-link\" href=\"https:\/\/juarezmedtravel.org\/en\/archivos\/1774\">Exploring Medical Tourism in Mexico<\/a>\r\n\t\t\t\r\n\t\t\t\t\t\t\t\t\r\n\t\t\r\n\t\t\t\t\t\t\t\t\t\t\t\t<h4 class=\"fusion-rollover-title\">\r\n\t\t\t\t\t<a class=\"fusion-rollover-title-link\" href=\"https:\/\/juarezmedtravel.org\/en\/archivos\/1774\">\r\n\t\t\t\t\t\tExploring Medical Tourism in Mexico\t\t\t\t\t<\/a>\r\n\t\t\t\t<\/h4>\r\n\t\t\t\r\n\t\t\t\t\t\t\t\t\t\t<div class=\"fusion-rollover-categories\"><a href=\"https:\/\/juarezmedtravel.org\/en\/archivos\/category\/nuevos-saberes\" rel=\"tag\">Nuevos Saberes y Conocimientos<\/a><\/div>\t\t\t\t\t\r\n\t\t\r\n\t\t\t\t\t\t<a class=\"fusion-link-wrapper\" href=\"https:\/\/juarezmedtravel.org\/en\/archivos\/1774\" aria-label=\"Exploring Medical Tourism in Mexico\"><\/a>\r\n\t<\/div>\r\n<\/div>\r\n<\/div>\r\n<\/li>\r\n\t\t\t\r\n\t\t\t\r\n\t\t\t\t\t\t\t\t\t\t\t\t\t\t\t\t\t\t\t\t\t\t\t\t\t\t\t\t\t\t\t\t\t\t\t\t\t\t\t\t\t\t\t\t\t\t\t\t\t\t\t\t\t\t\t\t\t\t\t\t\t\t\t\t\t\t\t\t<\/ul>\r\n\t<\/div>\r\n\t<div class=\"fusion-post-content post-content\"><h2 class=\"blog-shortcode-post-title entry-title\"><a href=\"https:\/\/juarezmedtravel.org\/en\/archivos\/1774\">Exploring Medical Tourism in Mexico<\/a><\/h2><div class=\"fusion-post-content-container\"><p> Rodr\u00edguez Blanco, Adriana &amp; Alvarado-Sizzo, Ilia. (2023). Exploring medical tourism in Mexico. 5. En Forhum international Journal of Social Sciencies and Humanities, Vol No. 8 ENERO-JUNIO 2023. ISNN: 2683-2372 Leer Articulos    <\/p><\/div><\/div><div class=\"fusion-clearfix\"><\/div><div class=\"fusion-meta-info\"><div class=\"fusion-alignleft\"><span class=\"vcard\" style=\"display: none;\"><span class=\"fn\"><a href=\"https:\/\/juarezmedtravel.org\/en\/author\/sergio_mex4\" title=\"Posts by Sergio Contreras\" rel=\"author\">Sergio Contreras<\/a><\/span><\/span><span class=\"updated\" style=\"display:none;\">2024-06-25T17:31:57+00:00<\/span><span>24\/06\/2024<\/span><span class=\"fusion-inline-sep\">|<\/span>Categories: <a href=\"https:\/\/juarezmedtravel.org\/en\/archivos\/category\/nuevos-saberes\" rel=\"category tag\">Nuevos Saberes y Conocimientos<\/a><span class=\"fusion-inline-sep\">|<\/span><\/div><div class=\"fusion-alignright\"><a class=\"fusion-read-more\" href=\"https:\/\/juarezmedtravel.org\/en\/archivos\/1774\" aria-label=\"More on Exploring Medical Tourism in Mexico\">Read More<\/a><\/div><\/div><\/article>\n<article id=\"blog-1-post-1752\" class=\"fusion-post-medium post-1752 post type-post status-publish format-standard has-post-thumbnail hentry category-nuevos-saberes\">\n\t<style type=\"text\/css\">\r\n\t\t\r\n\t\t\r\n\t\t\r\n\t\t\r\n\t\t\t<\/style>\r\n\r\n\r\n\t\t\t<div class=\"fusion-flexslider flexslider fusion-flexslider-loading fusion-post-slideshow\" style=\"\">\r\n\t\t<ul class=\"slides\">\r\n\t\t\t\r\n\t\t\t\t\t\t\t\t\t\t\t\t\t\t<li><div  class=\"fusion-image-wrapper fusion-image-size-fixed\" aria-haspopup=\"true\">\r\n\t\t\t\t<img decoding=\"async\" width=\"203\" height=\"202\" src=\"https:\/\/juarezmedtravel.org\/wp-content\/uploads\/2024\/06\/Routledje-320x319.png\" class=\"attachment-blog-medium size-blog-medium wp-post-image\" alt=\"\" srcset=\"https:\/\/juarezmedtravel.org\/wp-content\/uploads\/2024\/06\/Routledje-12x12.png 12w, https:\/\/juarezmedtravel.org\/wp-content\/uploads\/2024\/06\/Routledje-66x66.png 66w, https:\/\/juarezmedtravel.org\/wp-content\/uploads\/2024\/06\/Routledje-150x150.png 150w, https:\/\/juarezmedtravel.org\/wp-content\/uploads\/2024\/06\/Routledje-177x177.png 177w, https:\/\/juarezmedtravel.org\/wp-content\/uploads\/2024\/06\/Routledje-200x200.png 200w, https:\/\/juarezmedtravel.org\/wp-content\/uploads\/2024\/06\/Routledje-300x299.png 300w, https:\/\/juarezmedtravel.org\/wp-content\/uploads\/2024\/06\/Routledje-320x319.png 320w, https:\/\/juarezmedtravel.org\/wp-content\/uploads\/2024\/06\/Routledje.png 401w\" sizes=\"(max-width: 203px) 100vw, 203px\" \/><div class=\"fusion-rollover\">\r\n\t<div class=\"fusion-rollover-content\">\r\n\r\n\t\t\t\t\t\t\t\t\t\t\t\t\t\t<a class=\"fusion-rollover-link\" href=\"https:\/\/juarezmedtravel.org\/en\/archivos\/1752\">Routledge Handbook of Borders and Tourism<\/a>\r\n\t\t\t\r\n\t\t\t\t\t\t\t\t\r\n\t\t\r\n\t\t\t\t\t\t\t\t\t\t\t\t<h4 class=\"fusion-rollover-title\">\r\n\t\t\t\t\t<a class=\"fusion-rollover-title-link\" href=\"https:\/\/juarezmedtravel.org\/en\/archivos\/1752\">\r\n\t\t\t\t\t\tRoutledge Handbook of Borders and Tourism\t\t\t\t\t<\/a>\r\n\t\t\t\t<\/h4>\r\n\t\t\t\r\n\t\t\t\t\t\t\t\t\t\t<div class=\"fusion-rollover-categories\"><a href=\"https:\/\/juarezmedtravel.org\/en\/archivos\/category\/nuevos-saberes\" rel=\"tag\">Nuevos Saberes y Conocimientos<\/a><\/div>\t\t\t\t\t\r\n\t\t\r\n\t\t\t\t\t\t<a class=\"fusion-link-wrapper\" href=\"https:\/\/juarezmedtravel.org\/en\/archivos\/1752\" aria-label=\"Routledge Handbook of Borders and Tourism\"><\/a>\r\n\t<\/div>\r\n<\/div>\r\n<\/div>\r\n<\/li>\r\n\t\t\t\r\n\t\t\t\r\n\t\t\t\t\t\t\t\t\t\t\t\t\t\t\t\t\t\t\t\t\t\t\t\t\t\t\t\t\t\t\t\t\t\t\t\t\t\t\t\t\t\t\t\t\t\t\t\t\t\t\t\t\t\t\t\t\t\t\t\t\t\t\t\t\t\t\t\t<\/ul>\r\n\t<\/div>\r\n\t<div class=\"fusion-post-content post-content\"><h2 class=\"blog-shortcode-post-title entry-title\"><a href=\"https:\/\/juarezmedtravel.org\/en\/archivos\/1752\">Routledge Handbook of Borders and Tourism<\/a><\/h2><div class=\"fusion-post-content-container\"><p>  Capitulo Recomendado  Descripci\u00f3n El Manual de Fronteras y Turismo de Routledge examina las m\u00faltiples y diversas relaciones entre el turismo global y las fronteras pol\u00edticas. Con contribuciones de pensadores destacados internacionales, este libro ofrece marcos te\u00f3ricos para comprender las [...]<\/p><\/div><\/div><div class=\"fusion-clearfix\"><\/div><div class=\"fusion-meta-info\"><div class=\"fusion-alignleft\"><span class=\"vcard\" style=\"display: none;\"><span class=\"fn\"><a href=\"https:\/\/juarezmedtravel.org\/en\/author\/sergio_mex4\" title=\"Posts by Sergio Contreras\" rel=\"author\">Sergio Contreras<\/a><\/span><\/span><span class=\"updated\" style=\"display:none;\">2024-06-25T17:32:33+00:00<\/span><span>24\/06\/2024<\/span><span class=\"fusion-inline-sep\">|<\/span>Categories: <a href=\"https:\/\/juarezmedtravel.org\/en\/archivos\/category\/nuevos-saberes\" rel=\"category tag\">Nuevos Saberes y Conocimientos<\/a><span class=\"fusion-inline-sep\">|<\/span><\/div><div class=\"fusion-alignright\"><a class=\"fusion-read-more\" href=\"https:\/\/juarezmedtravel.org\/en\/archivos\/1752\" aria-label=\"More on Routledge Handbook of Borders and Tourism\">Read More<\/a><\/div><\/div><\/article>\n<\/div><\/div><\/div><\/div><\/div><\/div><\/p>","protected":false},"excerpt":{"rendered":"","protected":false},"author":3,"featured_media":0,"parent":0,"menu_order":0,"comment_status":"closed","ping_status":"closed","template":"100-width.php","meta":{"footnotes":""},"categories":[],"tags":[],"class_list":["post-1742","page","type-page","status-publish","hentry"],"_links":{"self":[{"href":"https:\/\/juarezmedtravel.org\/en\/wp-json\/wp\/v2\/pages\/1742","targetHints":{"allow":["GET"]}}],"collection":[{"href":"https:\/\/juarezmedtravel.org\/en\/wp-json\/wp\/v2\/pages"}],"about":[{"href":"https:\/\/juarezmedtravel.org\/en\/wp-json\/wp\/v2\/types\/page"}],"author":[{"embeddable":true,"href":"https:\/\/juarezmedtravel.org\/en\/wp-json\/wp\/v2\/users\/3"}],"replies":[{"embeddable":true,"href":"https:\/\/juarezmedtravel.org\/en\/wp-json\/wp\/v2\/comments?post=1742"}],"version-history":[{"count":4,"href":"https:\/\/juarezmedtravel.org\/en\/wp-json\/wp\/v2\/pages\/1742\/revisions"}],"predecessor-version":[{"id":1820,"href":"https:\/\/juarezmedtravel.org\/en\/wp-json\/wp\/v2\/pages\/1742\/revisions\/1820"}],"wp:attachment":[{"href":"https:\/\/juarezmedtravel.org\/en\/wp-json\/wp\/v2\/media?parent=1742"}],"wp:term":[{"taxonomy":"category","embeddable":true,"href":"https:\/\/juarezmedtravel.org\/en\/wp-json\/wp\/v2\/categories?post=1742"},{"taxonomy":"post_tag","embeddable":true,"href":"https:\/\/juarezmedtravel.org\/en\/wp-json\/wp\/v2\/tags?post=1742"}],"curies":[{"name":"wp","href":"https:\/\/api.w.org\/{rel}","templated":true}]}}