{"id":1739,"date":"2024-06-24T14:03:08","date_gmt":"2024-06-24T14:03:08","guid":{"rendered":"https:\/\/juarezmedtravel.org\/?page_id=1739"},"modified":"2024-06-25T19:54:12","modified_gmt":"2024-06-25T19:54:12","slug":"procedimientos","status":"publish","type":"page","link":"https:\/\/juarezmedtravel.org\/en\/procedimientos","title":{"rendered":"Procedimientos"},"content":{"rendered":"<p><div class=\"fusion-bg-parallax\" data-bg-align=\"center center\" data-direction=\"down\" data-mute=\"false\" data-opacity=\"100\" data-velocity=\"-0.3\" data-mobile-enabled=\"false\" data-break_parents=\"0\" data-bg-image=\"https:\/\/juarezmedtravel.org\/wp-content\/uploads\/2024\/05\/Cluster-Background.jpg\" data-bg-repeat=\"false\" ><\/div><div class=\"fusion-fullwidth fullwidth-box fusion-builder-row-1 fusion-flex-container has-pattern-background has-mask-background fusion-parallax-down nonhundred-percent-fullwidth non-hundred-percent-height-scrolling\" style=\"--awb-border-radius-top-left:0px;--awb-border-radius-top-right:0px;--awb-border-radius-bottom-right:0px;--awb-border-radius-bottom-left:0px;--awb-padding-right:6%;--awb-padding-bottom:0px;--awb-padding-left:6%;--awb-margin-top:-4%;--awb-margin-bottom:0px;--awb-background-image:url(&quot;https:\/\/juarezmedtravel.org\/wp-content\/uploads\/2024\/05\/Cluster-Background.jpg&quot;);--awb-background-size:cover;--awb-flex-wrap:wrap;\" ><div class=\"fusion-builder-row fusion-row fusion-flex-align-items-flex-start fusion-flex-content-wrap\" style=\"max-width:1248px;margin-left: calc(-4% \/ 2 );margin-right: calc(-4% \/ 2 );\"><div class=\"fusion-layout-column fusion_builder_column fusion-builder-column-0 fusion_builder_column_1_1 1_1 fusion-flex-column\" style=\"--awb-padding-top:3%;--awb-padding-bottom:3%;--awb-bg-size:cover;--awb-width-large:100%;--awb-margin-top-large:0px;--awb-spacing-right-large:1.92%;--awb-margin-bottom-large:0px;--awb-spacing-left-large:1.92%;--awb-width-medium:100%;--awb-order-medium:0;--awb-spacing-right-medium:1.92%;--awb-spacing-left-medium:1.92%;--awb-width-small:100%;--awb-order-small:0;--awb-spacing-right-small:1.92%;--awb-spacing-left-small:1.92%;\"><div class=\"fusion-column-wrapper fusion-column-has-shadow fusion-flex-justify-content-flex-start fusion-content-layout-column\"><div class=\"fusion-title title fusion-title-1 fusion-sep-none fusion-title-text fusion-title-size-one\" style=\"--awb-text-color:var(--awb-color2);--awb-font-size:36px;\"><h1 class=\"fusion-title-heading title-heading-left\" style=\"font-family:&quot;Inter&quot;;font-style:normal;font-weight:400;margin:0;text-transform:uppercase;font-size:1em;\">Procedimientos<\/h1><\/div><div class=\"fusion-title title fusion-title-2 fusion-sep-none fusion-title-text fusion-title-size-one\" style=\"--awb-text-color:var(--awb-color5);--awb-margin-top:-2%;--awb-font-size:28px;\"><h1 class=\"fusion-title-heading title-heading-left\" style=\"font-family:&quot;Inter&quot;;font-style:normal;font-weight:400;margin:0;font-size:1em;\">News and publications on medical tourism<\/h1><\/div><\/div><\/div><\/div><\/div><div class=\"fusion-fullwidth fullwidth-box fusion-builder-row-2 fusion-flex-container has-pattern-background has-mask-background nonhundred-percent-fullwidth non-hundred-percent-height-scrolling\" style=\"--awb-border-radius-top-left:0px;--awb-border-radius-top-right:0px;--awb-border-radius-bottom-right:0px;--awb-border-radius-bottom-left:0px;--awb-padding-top:2vw;--awb-flex-wrap:wrap;\" ><div class=\"fusion-builder-row fusion-row fusion-flex-align-items-flex-start fusion-flex-content-wrap\" style=\"max-width:1248px;margin-left: calc(-4% \/ 2 );margin-right: calc(-4% \/ 2 );\"><div class=\"fusion-layout-column fusion_builder_column fusion-builder-column-1 fusion_builder_column_1_1 1_1 fusion-flex-column\" style=\"--awb-bg-size:cover;--awb-width-large:100%;--awb-margin-top-large:0px;--awb-spacing-right-large:1.92%;--awb-margin-bottom-large:20px;--awb-spacing-left-large:1.92%;--awb-width-medium:100%;--awb-order-medium:0;--awb-spacing-right-medium:1.92%;--awb-spacing-left-medium:1.92%;--awb-width-small:100%;--awb-order-small:0;--awb-spacing-right-small:1.92%;--awb-spacing-left-small:1.92%;\"><div class=\"fusion-column-wrapper fusion-column-has-shadow fusion-flex-justify-content-flex-start fusion-content-layout-column\"><div class=\"fusion-title title fusion-title-3 fusion-sep-none fusion-title-center fusion-title-text fusion-title-size-one\" style=\"--awb-text-color:var(--awb-color5);--awb-font-size:24px;\"><h1 class=\"fusion-title-heading title-heading-center\" style=\"font-family:&quot;Inter&quot;;font-style:normal;font-weight:300;margin:0;font-size:1em;\">Procedimientos m\u00e9dicos<\/h1><\/div><\/div><\/div><div class=\"fusion-layout-column fusion_builder_column fusion-builder-column-2 fusion_builder_column_1_1 1_1 fusion-flex-column\" style=\"--awb-bg-size:cover;--awb-width-large:100%;--awb-margin-top-large:0px;--awb-spacing-right-large:1.92%;--awb-margin-bottom-large:20px;--awb-spacing-left-large:1.92%;--awb-width-medium:100%;--awb-order-medium:0;--awb-spacing-right-medium:1.92%;--awb-spacing-left-medium:1.92%;--awb-width-small:100%;--awb-order-small:0;--awb-spacing-right-small:1.92%;--awb-spacing-left-small:1.92%;\"><div class=\"fusion-column-wrapper fusion-column-has-shadow fusion-flex-justify-content-flex-start fusion-content-layout-column\"><div class=\"fusion-blog-shortcode fusion-blog-shortcode-1 fusion-blog-archive fusion-blog-layout-medium fusion-blog-pagination\"><div class=\"fusion-posts-container fusion-posts-container-pagination fusion-blog-rollover\" data-pages=\"1\"><article id=\"blog-1-post-1901\" class=\"fusion-post-medium post-1901 post type-post status-publish format-standard has-post-thumbnail hentry category-procedimientos\">\n\t<style type=\"text\/css\">\r\n\t\t\r\n\t\t\r\n\t\t\r\n\t\t\r\n\t\t\t<\/style>\r\n\r\n\r\n\t\t\t<div class=\"fusion-flexslider flexslider fusion-flexslider-loading fusion-post-slideshow\" style=\"\">\r\n\t\t<ul class=\"slides\">\r\n\t\t\t\r\n\t\t\t\t\t\t\t\t\t\t\t\t\t\t<li><div  class=\"fusion-image-wrapper fusion-image-size-fixed\" aria-haspopup=\"true\">\r\n\t\t\t\t<img decoding=\"async\" width=\"320\" height=\"202\" src=\"https:\/\/juarezmedtravel.org\/wp-content\/uploads\/2024\/08\/Carillas-dentales-320x202.png\" class=\"attachment-blog-medium size-blog-medium wp-post-image\" alt=\"\" \/><div class=\"fusion-rollover\">\r\n\t<div class=\"fusion-rollover-content\">\r\n\r\n\t\t\t\t\t\t\t\t\t\t\t\t\t\t<a class=\"fusion-rollover-link\" href=\"https:\/\/juarezmedtravel.org\/en\/archivos\/1901\">Instalacion de Carillas Dentales<\/a>\r\n\t\t\t\r\n\t\t\t\t\t\t\t\t\r\n\t\t\r\n\t\t\t\t\t\t\t\t\t\t\t\t<h4 class=\"fusion-rollover-title\">\r\n\t\t\t\t\t<a class=\"fusion-rollover-title-link\" href=\"https:\/\/juarezmedtravel.org\/en\/archivos\/1901\">\r\n\t\t\t\t\t\tInstalacion de Carillas Dentales\t\t\t\t\t<\/a>\r\n\t\t\t\t<\/h4>\r\n\t\t\t\r\n\t\t\t\t\t\t\t\t\t\t<div class=\"fusion-rollover-categories\"><a href=\"https:\/\/juarezmedtravel.org\/en\/archivos\/category\/procedimientos\" rel=\"tag\">Procedimientos<\/a><\/div>\t\t\t\t\t\r\n\t\t\r\n\t\t\t\t\t\t<a class=\"fusion-link-wrapper\" href=\"https:\/\/juarezmedtravel.org\/en\/archivos\/1901\" aria-label=\"Instalacion de Carillas Dentales\"><\/a>\r\n\t<\/div>\r\n<\/div>\r\n<\/div>\r\n<\/li>\r\n\t\t\t\r\n\t\t\t\r\n\t\t\t\t\t\t\t\t\t\t\t\t\t\t\t\t\t\t\t\t\t\t\t\t\t\t\t\t\t\t\t\t\t\t\t\t\t\t\t\t\t\t\t\t\t\t\t\t\t\t\t\t\t\t\t\t\t\t\t\t\t\t\t\t\t\t\t\t<\/ul>\r\n\t<\/div>\r\n\t<div class=\"fusion-post-content post-content\"><h2 class=\"blog-shortcode-post-title entry-title\"><a href=\"https:\/\/juarezmedtravel.org\/en\/archivos\/1901\">Instalacion de Carillas Dentales<\/a><\/h2><div class=\"fusion-post-content-container\"><p>  Instalaci\u00f3n de Carillas Dentales    <\/p><\/div><\/div><div class=\"fusion-clearfix\"><\/div><div class=\"fusion-meta-info\"><div class=\"fusion-alignleft\"><span class=\"vcard\" style=\"display: none;\"><span class=\"fn\"><a href=\"https:\/\/juarezmedtravel.org\/en\/author\/sergio_mex4\" title=\"Posts by Sergio Contreras\" rel=\"author\">Sergio Contreras<\/a><\/span><\/span><span class=\"updated\" style=\"display:none;\">2024-08-13T16:12:32+00:00<\/span><span>13\/08\/2024<\/span><span class=\"fusion-inline-sep\">|<\/span>Categories: <a href=\"https:\/\/juarezmedtravel.org\/en\/archivos\/category\/procedimientos\" rel=\"category tag\">Procedimientos<\/a><span class=\"fusion-inline-sep\">|<\/span><\/div><div class=\"fusion-alignright\"><a class=\"fusion-read-more\" href=\"https:\/\/juarezmedtravel.org\/en\/archivos\/1901\" aria-label=\"More on Instalacion de Carillas Dentales\">Read More<\/a><\/div><\/div><\/article>\n<article id=\"blog-1-post-1896\" class=\"fusion-post-medium post-1896 post type-post status-publish format-standard has-post-thumbnail hentry category-procedimientos\">\n\t<style type=\"text\/css\">\r\n\t\t\r\n\t\t\r\n\t\t\r\n\t\t\r\n\t\t\t<\/style>\r\n\r\n\r\n\t\t\t<div class=\"fusion-flexslider flexslider fusion-flexslider-loading fusion-post-slideshow\" style=\"\">\r\n\t\t<ul class=\"slides\">\r\n\t\t\t\r\n\t\t\t\t\t\t\t\t\t\t\t\t\t\t<li><div  class=\"fusion-image-wrapper fusion-image-size-fixed\" aria-haspopup=\"true\">\r\n\t\t\t\t<img decoding=\"async\" width=\"320\" height=\"202\" src=\"https:\/\/juarezmedtravel.org\/wp-content\/uploads\/2024\/08\/Bego-Implantes-320x202.png\" class=\"attachment-blog-medium size-blog-medium wp-post-image\" alt=\"\" \/><div class=\"fusion-rollover\">\r\n\t<div class=\"fusion-rollover-content\">\r\n\r\n\t\t\t\t\t\t\t\t\t\t\t\t\t\t<a class=\"fusion-rollover-link\" href=\"https:\/\/juarezmedtravel.org\/en\/archivos\/1896\">BEGO &#8211; Colocaci\u00f3n de Locator\u00ae en cl\u00ednica<\/a>\r\n\t\t\t\r\n\t\t\t\t\t\t\t\t\r\n\t\t\r\n\t\t\t\t\t\t\t\t\t\t\t\t<h4 class=\"fusion-rollover-title\">\r\n\t\t\t\t\t<a class=\"fusion-rollover-title-link\" href=\"https:\/\/juarezmedtravel.org\/en\/archivos\/1896\">\r\n\t\t\t\t\t\tBEGO &#8211; Colocaci\u00f3n de Locator\u00ae en cl\u00ednica\t\t\t\t\t<\/a>\r\n\t\t\t\t<\/h4>\r\n\t\t\t\r\n\t\t\t\t\t\t\t\t\t\t<div class=\"fusion-rollover-categories\"><a href=\"https:\/\/juarezmedtravel.org\/en\/archivos\/category\/procedimientos\" rel=\"tag\">Procedimientos<\/a><\/div>\t\t\t\t\t\r\n\t\t\r\n\t\t\t\t\t\t<a class=\"fusion-link-wrapper\" href=\"https:\/\/juarezmedtravel.org\/en\/archivos\/1896\" aria-label=\"BEGO &#8211; Colocaci\u00f3n de Locator\u00ae en cl\u00ednica\"><\/a>\r\n\t<\/div>\r\n<\/div>\r\n<\/div>\r\n<\/li>\r\n\t\t\t\r\n\t\t\t\r\n\t\t\t\t\t\t\t\t\t\t\t\t\t\t\t\t\t\t\t\t\t\t\t\t\t\t\t\t\t\t\t\t\t\t\t\t\t\t\t\t\t\t\t\t\t\t\t\t\t\t\t\t\t\t\t\t\t\t\t\t\t\t\t\t\t\t\t\t<\/ul>\r\n\t<\/div>\r\n\t<div class=\"fusion-post-content post-content\"><h2 class=\"blog-shortcode-post-title entry-title\"><a href=\"https:\/\/juarezmedtravel.org\/en\/archivos\/1896\">BEGO &#8211; Colocaci\u00f3n de Locator\u00ae en cl\u00ednica<\/a><\/h2><div class=\"fusion-post-content-container\"><p>  Protocolo de trabajo con el sistema Locator\u00ae para implantes BEGO y el sistema de anclaje Easy-Con. Colocaci\u00f3n del anclaje en cl\u00ednica.    <\/p><\/div><\/div><div class=\"fusion-clearfix\"><\/div><div class=\"fusion-meta-info\"><div class=\"fusion-alignleft\"><span class=\"vcard\" style=\"display: none;\"><span class=\"fn\"><a href=\"https:\/\/juarezmedtravel.org\/en\/author\/sergio_mex4\" title=\"Posts by Sergio Contreras\" rel=\"author\">Sergio Contreras<\/a><\/span><\/span><span class=\"updated\" style=\"display:none;\">2024-08-13T16:03:12+00:00<\/span><span>13\/08\/2024<\/span><span class=\"fusion-inline-sep\">|<\/span>Categories: <a href=\"https:\/\/juarezmedtravel.org\/en\/archivos\/category\/procedimientos\" rel=\"category tag\">Procedimientos<\/a><span class=\"fusion-inline-sep\">|<\/span><\/div><div class=\"fusion-alignright\"><a class=\"fusion-read-more\" href=\"https:\/\/juarezmedtravel.org\/en\/archivos\/1896\" aria-label=\"More on BEGO &#8211; Colocaci\u00f3n de Locator\u00ae en cl\u00ednica\">Read More<\/a><\/div><\/div><\/article>\n<article id=\"blog-1-post-1890\" class=\"fusion-post-medium post-1890 post type-post status-publish format-standard has-post-thumbnail hentry category-procedimientos\">\n\t<style type=\"text\/css\">\r\n\t\t\r\n\t\t\r\n\t\t\r\n\t\t\r\n\t\t\t<\/style>\r\n\r\n\r\n\t\t\t<div class=\"fusion-flexslider flexslider fusion-flexslider-loading fusion-post-slideshow\" style=\"\">\r\n\t\t<ul class=\"slides\">\r\n\t\t\t\r\n\t\t\t\t\t\t\t\t\t\t\t\t\t\t<li><div  class=\"fusion-image-wrapper fusion-image-size-fixed\" aria-haspopup=\"true\">\r\n\t\t\t\t<img decoding=\"async\" width=\"320\" height=\"202\" src=\"https:\/\/juarezmedtravel.org\/wp-content\/uploads\/2024\/08\/implantes-320x202.png\" class=\"attachment-blog-medium size-blog-medium wp-post-image\" alt=\"\" \/><div class=\"fusion-rollover\">\r\n\t<div class=\"fusion-rollover-content\">\r\n\r\n\t\t\t\t\t\t\t\t\t\t\t\t\t\t<a class=\"fusion-rollover-link\" href=\"https:\/\/juarezmedtravel.org\/en\/archivos\/1890\">Implantes Dentales: Soluci\u00f3n Ideal para la Reposici\u00f3n de Dientes Perdidos<\/a>\r\n\t\t\t\r\n\t\t\t\t\t\t\t\t\r\n\t\t\r\n\t\t\t\t\t\t\t\t\t\t\t\t<h4 class=\"fusion-rollover-title\">\r\n\t\t\t\t\t<a class=\"fusion-rollover-title-link\" href=\"https:\/\/juarezmedtravel.org\/en\/archivos\/1890\">\r\n\t\t\t\t\t\tImplantes Dentales: Soluci\u00f3n Ideal para la Reposici\u00f3n de Dientes Perdidos\t\t\t\t\t<\/a>\r\n\t\t\t\t<\/h4>\r\n\t\t\t\r\n\t\t\t\t\t\t\t\t\t\t<div class=\"fusion-rollover-categories\"><a href=\"https:\/\/juarezmedtravel.org\/en\/archivos\/category\/procedimientos\" rel=\"tag\">Procedimientos<\/a><\/div>\t\t\t\t\t\r\n\t\t\r\n\t\t\t\t\t\t<a class=\"fusion-link-wrapper\" href=\"https:\/\/juarezmedtravel.org\/en\/archivos\/1890\" aria-label=\"Implantes Dentales: Soluci\u00f3n Ideal para la Reposici\u00f3n de Dientes Perdidos\"><\/a>\r\n\t<\/div>\r\n<\/div>\r\n<\/div>\r\n<\/li>\r\n\t\t\t\r\n\t\t\t\r\n\t\t\t\t\t\t\t\t\t\t\t\t\t\t\t\t\t\t\t\t\t\t\t\t\t\t\t\t\t\t\t\t\t\t\t\t\t\t\t\t\t\t\t\t\t\t\t\t\t\t\t\t\t\t\t\t\t\t\t\t\t\t\t\t\t\t\t\t<\/ul>\r\n\t<\/div>\r\n\t<div class=\"fusion-post-content post-content\"><h2 class=\"blog-shortcode-post-title entry-title\"><a href=\"https:\/\/juarezmedtravel.org\/en\/archivos\/1890\">Implantes Dentales: Soluci\u00f3n Ideal para la Reposici\u00f3n de Dientes Perdidos<\/a><\/h2><div class=\"fusion-post-content-container\"><p>  Los implantes dentales son una buena alternativa para la reposici\u00f3n de dientes perdidos o ausentes, as\u00ed como para dar soporte a rehabilitaciones fijas o removibles. En general, podemos hablar de ellos como ra\u00edces artificiales. La mayor\u00eda de los implantes dentales [...]<\/p><\/div><\/div><div class=\"fusion-clearfix\"><\/div><div class=\"fusion-meta-info\"><div class=\"fusion-alignleft\"><span class=\"vcard\" style=\"display: none;\"><span class=\"fn\"><a href=\"https:\/\/juarezmedtravel.org\/en\/author\/sergio_mex4\" title=\"Posts by Sergio Contreras\" rel=\"author\">Sergio Contreras<\/a><\/span><\/span><span class=\"updated\" style=\"display:none;\">2024-08-13T15:46:27+00:00<\/span><span>13\/08\/2024<\/span><span class=\"fusion-inline-sep\">|<\/span>Categories: <a href=\"https:\/\/juarezmedtravel.org\/en\/archivos\/category\/procedimientos\" rel=\"category tag\">Procedimientos<\/a><span class=\"fusion-inline-sep\">|<\/span><\/div><div class=\"fusion-alignright\"><a class=\"fusion-read-more\" href=\"https:\/\/juarezmedtravel.org\/en\/archivos\/1890\" aria-label=\"More on Implantes Dentales: Soluci\u00f3n Ideal para la Reposici\u00f3n de Dientes Perdidos\">Read More<\/a><\/div><\/div><\/article>\n<article id=\"blog-1-post-1842\" class=\"fusion-post-medium post-1842 post type-post status-publish format-standard has-post-thumbnail hentry category-procedimientos\">\n\t<style type=\"text\/css\">\r\n\t\t\r\n\t\t\r\n\t\t\r\n\t\t\r\n\t\t\t<\/style>\r\n\r\n\r\n\t\t\t<div class=\"fusion-flexslider flexslider fusion-flexslider-loading fusion-post-slideshow\" style=\"\">\r\n\t\t<ul class=\"slides\">\r\n\t\t\t\r\n\t\t\t\t\t\t\t\t\t\t\t\t\t\t<li><div  class=\"fusion-image-wrapper fusion-image-size-fixed\" aria-haspopup=\"true\">\r\n\t\t\t\t<img decoding=\"async\" width=\"320\" height=\"180\" src=\"https:\/\/juarezmedtravel.org\/wp-content\/uploads\/2024\/06\/asi-funcionan-tus-ojos-320x180.jpg\" class=\"attachment-blog-medium size-blog-medium wp-post-image\" alt=\"\" srcset=\"https:\/\/juarezmedtravel.org\/wp-content\/uploads\/2024\/06\/asi-funcionan-tus-ojos-18x10.jpg 18w, https:\/\/juarezmedtravel.org\/wp-content\/uploads\/2024\/06\/asi-funcionan-tus-ojos-66x37.jpg 66w, https:\/\/juarezmedtravel.org\/wp-content\/uploads\/2024\/06\/asi-funcionan-tus-ojos-177x100.jpg 177w, https:\/\/juarezmedtravel.org\/wp-content\/uploads\/2024\/06\/asi-funcionan-tus-ojos-200x113.jpg 200w, https:\/\/juarezmedtravel.org\/wp-content\/uploads\/2024\/06\/asi-funcionan-tus-ojos-300x169.jpg 300w, https:\/\/juarezmedtravel.org\/wp-content\/uploads\/2024\/06\/asi-funcionan-tus-ojos-320x180.jpg 320w, https:\/\/juarezmedtravel.org\/wp-content\/uploads\/2024\/06\/asi-funcionan-tus-ojos-400x225.jpg 400w, https:\/\/juarezmedtravel.org\/wp-content\/uploads\/2024\/06\/asi-funcionan-tus-ojos-460x259.jpg 460w, https:\/\/juarezmedtravel.org\/wp-content\/uploads\/2024\/06\/asi-funcionan-tus-ojos-540x304.jpg 540w, https:\/\/juarezmedtravel.org\/wp-content\/uploads\/2024\/06\/asi-funcionan-tus-ojos-600x338.jpg 600w, https:\/\/juarezmedtravel.org\/wp-content\/uploads\/2024\/06\/asi-funcionan-tus-ojos-669x376.jpg 669w, https:\/\/juarezmedtravel.org\/wp-content\/uploads\/2024\/06\/asi-funcionan-tus-ojos-700x394.jpg 700w, https:\/\/juarezmedtravel.org\/wp-content\/uploads\/2024\/06\/asi-funcionan-tus-ojos-768x432.jpg 768w, https:\/\/juarezmedtravel.org\/wp-content\/uploads\/2024\/06\/asi-funcionan-tus-ojos-800x450.jpg 800w, https:\/\/juarezmedtravel.org\/wp-content\/uploads\/2024\/06\/asi-funcionan-tus-ojos-940x529.jpg 940w, https:\/\/juarezmedtravel.org\/wp-content\/uploads\/2024\/06\/asi-funcionan-tus-ojos-1024x576.jpg 1024w, https:\/\/juarezmedtravel.org\/wp-content\/uploads\/2024\/06\/asi-funcionan-tus-ojos-1200x675.jpg 1200w, https:\/\/juarezmedtravel.org\/wp-content\/uploads\/2024\/06\/asi-funcionan-tus-ojos.jpg 1280w\" sizes=\"(max-width: 320px) 100vw, 320px\" \/><div class=\"fusion-rollover\">\r\n\t<div class=\"fusion-rollover-content\">\r\n\r\n\t\t\t\t\t\t\t\t\t\t\t\t\t\t<a class=\"fusion-rollover-link\" href=\"https:\/\/juarezmedtravel.org\/en\/archivos\/1842\">Los OJOS: c\u00f3mo funcionan, anatom\u00eda, partes, funciones, sentido de la vista<\/a>\r\n\t\t\t\r\n\t\t\t\t\t\t\t\t\r\n\t\t\r\n\t\t\t\t\t\t\t\t\t\t\t\t<h4 class=\"fusion-rollover-title\">\r\n\t\t\t\t\t<a class=\"fusion-rollover-title-link\" href=\"https:\/\/juarezmedtravel.org\/en\/archivos\/1842\">\r\n\t\t\t\t\t\tLos OJOS: c\u00f3mo funcionan, anatom\u00eda, partes, funciones, sentido de la vista\t\t\t\t\t<\/a>\r\n\t\t\t\t<\/h4>\r\n\t\t\t\r\n\t\t\t\t\t\t\t\t\t\t<div class=\"fusion-rollover-categories\"><a href=\"https:\/\/juarezmedtravel.org\/en\/archivos\/category\/procedimientos\" rel=\"tag\">Procedimientos<\/a><\/div>\t\t\t\t\t\r\n\t\t\r\n\t\t\t\t\t\t<a class=\"fusion-link-wrapper\" href=\"https:\/\/juarezmedtravel.org\/en\/archivos\/1842\" aria-label=\"Los OJOS: c\u00f3mo funcionan, anatom\u00eda, partes, funciones, sentido de la vista\"><\/a>\r\n\t<\/div>\r\n<\/div>\r\n<\/div>\r\n<\/li>\r\n\t\t\t\r\n\t\t\t\r\n\t\t\t\t\t\t\t\t\t\t\t\t\t\t\t\t\t\t\t\t\t\t\t\t\t\t\t\t\t\t\t\t\t\t\t\t\t\t\t\t\t\t\t\t\t\t\t\t\t\t\t\t\t\t\t\t\t\t\t\t\t\t\t\t\t\t\t\t<\/ul>\r\n\t<\/div>\r\n\t<div class=\"fusion-post-content post-content\"><h2 class=\"blog-shortcode-post-title entry-title\"><a href=\"https:\/\/juarezmedtravel.org\/en\/archivos\/1842\">Los OJOS: c\u00f3mo funcionan, anatom\u00eda, partes, funciones, sentido de la vista<\/a><\/h2><div class=\"fusion-post-content-container\"><p>  https:\/\/youtu.be\/rB3-PvWx9bQ?si=iY_fbFEgBj9ZAWob    <\/p><\/div><\/div><div class=\"fusion-clearfix\"><\/div><div class=\"fusion-meta-info\"><div class=\"fusion-alignleft\"><span class=\"vcard\" style=\"display: none;\"><span class=\"fn\"><a href=\"https:\/\/juarezmedtravel.org\/en\/author\/sergio_mex4\" title=\"Posts by Sergio Contreras\" rel=\"author\">Sergio Contreras<\/a><\/span><\/span><span class=\"updated\" style=\"display:none;\">2024-08-13T14:47:53+00:00<\/span><span>25\/06\/2024<\/span><span class=\"fusion-inline-sep\">|<\/span>Categories: <a href=\"https:\/\/juarezmedtravel.org\/en\/archivos\/category\/procedimientos\" rel=\"category tag\">Procedimientos<\/a><span class=\"fusion-inline-sep\">|<\/span><\/div><div class=\"fusion-alignright\"><a class=\"fusion-read-more\" href=\"https:\/\/juarezmedtravel.org\/en\/archivos\/1842\" aria-label=\"More on Los OJOS: c\u00f3mo funcionan, anatom\u00eda, partes, funciones, sentido de la vista\">Read More<\/a><\/div><\/div><\/article>\n<\/div><\/div><\/div><\/div><\/div><\/div><\/p>","protected":false},"excerpt":{"rendered":"","protected":false},"author":3,"featured_media":0,"parent":0,"menu_order":0,"comment_status":"closed","ping_status":"closed","template":"100-width.php","meta":{"footnotes":""},"categories":[],"tags":[],"class_list":["post-1739","page","type-page","status-publish","hentry"],"_links":{"self":[{"href":"https:\/\/juarezmedtravel.org\/en\/wp-json\/wp\/v2\/pages\/1739","targetHints":{"allow":["GET"]}}],"collection":[{"href":"https:\/\/juarezmedtravel.org\/en\/wp-json\/wp\/v2\/pages"}],"about":[{"href":"https:\/\/juarezmedtravel.org\/en\/wp-json\/wp\/v2\/types\/page"}],"author":[{"embeddable":true,"href":"https:\/\/juarezmedtravel.org\/en\/wp-json\/wp\/v2\/users\/3"}],"replies":[{"embeddable":true,"href":"https:\/\/juarezmedtravel.org\/en\/wp-json\/wp\/v2\/comments?post=1739"}],"version-history":[{"count":4,"href":"https:\/\/juarezmedtravel.org\/en\/wp-json\/wp\/v2\/pages\/1739\/revisions"}],"predecessor-version":[{"id":1841,"href":"https:\/\/juarezmedtravel.org\/en\/wp-json\/wp\/v2\/pages\/1739\/revisions\/1841"}],"wp:attachment":[{"href":"https:\/\/juarezmedtravel.org\/en\/wp-json\/wp\/v2\/media?parent=1739"}],"wp:term":[{"taxonomy":"category","embeddable":true,"href":"https:\/\/juarezmedtravel.org\/en\/wp-json\/wp\/v2\/categories?post=1739"},{"taxonomy":"post_tag","embeddable":true,"href":"https:\/\/juarezmedtravel.org\/en\/wp-json\/wp\/v2\/tags?post=1739"}],"curies":[{"name":"wp","href":"https:\/\/api.w.org\/{rel}","templated":true}]}}